{"id":1017,"date":"2025-12-03T16:19:38","date_gmt":"2025-12-03T16:19:38","guid":{"rendered":"https:\/\/jm-environnement.com\/?page_id=1017"},"modified":"2025-12-11T09:35:30","modified_gmt":"2025-12-11T09:35:30","slug":"cee","status":"publish","type":"page","link":"https:\/\/jm-environnement.com\/index.php\/cee\/","title":{"rendered":"LES CEE"},"content":{"rendered":"\t\t<div data-elementor-type=\"wp-page\" data-elementor-id=\"1017\" class=\"elementor elementor-1017\" data-elementor-post-type=\"page\">\n\t\t\t\t<div class=\"elementor-element elementor-element-ad79653 e-flex e-con-boxed e-con e-parent\" data-id=\"ad79653\" data-element_type=\"container\" data-settings=\"{&quot;background_background&quot;:&quot;classic&quot;}\">\n\t\t\t\t\t<div class=\"e-con-inner\">\n\t\t\t\t<div class=\"elementor-element elementor-element-5261f33 elementor-invisible elementor-widget elementor-widget-heading\" data-id=\"5261f33\" data-element_type=\"widget\" data-settings=\"{&quot;_animation&quot;:&quot;fadeIn&quot;}\" data-widget_type=\"heading.default\">\n\t\t\t\t\t<h1 class=\"elementor-heading-title elementor-size-default\">Les Certificats d'\u00c9conomie d'\u00c9nergie<\/h1>\t\t\t\t<\/div>\n\t\t\t\t<div class=\"elementor-element elementor-element-12db319 elementor-widget__width-initial elementor-invisible elementor-widget elementor-widget-text-editor\" data-id=\"12db319\" data-element_type=\"widget\" data-settings=\"{&quot;_animation&quot;:&quot;fadeIn&quot;,&quot;_animation_delay&quot;:300}\" data-widget_type=\"text-editor.default\">\n\t\t\t\t\t\t\t\t\t<p>Un accompagnement complet pour obtenir vos CEE et optimiser vos investissements \u00e9nerg\u00e9tiques.<\/p>\t\t\t\t\t\t\t\t<\/div>\n\t\t\t\t\t<\/div>\n\t\t\t\t<\/div>\n\t\t<div class=\"elementor-element elementor-element-6f2bbb7 e-flex e-con-boxed e-con e-parent\" data-id=\"6f2bbb7\" data-element_type=\"container\">\n\t\t\t\t\t<div class=\"e-con-inner\">\n\t\t<div class=\"elementor-element elementor-element-1d5292d e-con-full e-flex elementor-invisible e-con e-child\" data-id=\"1d5292d\" data-element_type=\"container\" data-settings=\"{&quot;animation&quot;:&quot;slideInUp&quot;,&quot;background_background&quot;:&quot;classic&quot;,&quot;animation_delay&quot;:600}\">\n\t\t<div class=\"elementor-element elementor-element-a0e48da e-con-full e-flex e-con e-child\" data-id=\"a0e48da\" data-element_type=\"container\">\n\t\t\t\t<div class=\"elementor-element elementor-element-413c6df elementor-widget elementor-widget-icon-box\" data-id=\"413c6df\" data-element_type=\"widget\" data-widget_type=\"icon-box.default\">\n\t\t\t\t\t\t\t<div class=\"elementor-icon-box-wrapper\">\n\n\t\t\t\n\t\t\t\t\t\t<div class=\"elementor-icon-box-content\">\n\n\t\t\t\t\t\t\t\t\t<h3 class=\"elementor-icon-box-title\">\n\t\t\t\t\t\t<span  >\n\t\t\t\t\t\t\tQu'est-ce que les Certificats d'\u00c9conomie d'\u00c9nergie ?\t\t\t\t\t\t<\/span>\n\t\t\t\t\t<\/h3>\n\t\t\t\t\n\t\t\t\t\n\t\t\t<\/div>\n\t\t\t\n\t\t<\/div>\n\t\t\t\t\t\t<\/div>\n\t\t\t\t<div class=\"elementor-element elementor-element-cd0fc45 elementor-widget elementor-widget-text-editor\" data-id=\"cd0fc45\" data-element_type=\"widget\" data-widget_type=\"text-editor.default\">\n\t\t\t\t\t\t\t\t\t<p data-start=\"197\" data-end=\"536\">Les <strong data-start=\"201\" data-end=\"244\">Certificats d\u2019\u00c9conomies d\u2019\u00c9nergie (CEE)<\/strong> sont un dispositif national obligatoire qui vise \u00e0 <strong data-start=\"296\" data-end=\"349\">r\u00e9duire la consommation \u00e9nerg\u00e9tique des b\u00e2timents<\/strong>. Instaur\u00e9 par l\u2019\u00c9tat, il impose aux fournisseurs d\u2019\u00e9nergie (\u00e9lectricit\u00e9, gaz, carburants, etc.) de financer des travaux permettant d\u2019am\u00e9liorer la performance \u00e9nerg\u00e9tique des entreprises.<\/p><p data-start=\"538\" data-end=\"835\">Concr\u00e8tement, lorsqu\u2019une entreprise r\u00e9alise des travaux d\u2019efficacit\u00e9 \u00e9nerg\u00e9tique, d&rsquo;isolation, de modernisation d\u2019\u00e9clairage, d&rsquo;am\u00e9lioration du chauffage, d&rsquo;optimisation de la ventilation ou de d\u00e9stratification, elle peut b\u00e9n\u00e9ficier d\u2019une <strong data-start=\"766\" data-end=\"779\">prime CEE<\/strong>, calcul\u00e9e en fonction des \u00e9conomies d\u2019\u00e9nergie g\u00e9n\u00e9r\u00e9es.<\/p><p data-start=\"837\" data-end=\"1083\">Ce dispositif constitue aujourd\u2019hui un levier majeur pour les b\u00e2timents industriels, logistiques et tertiaires, permettant de <strong data-start=\"963\" data-end=\"999\">r\u00e9duire l\u2019investissement initial<\/strong>, d\u2019acc\u00e9l\u00e9rer les mises en conformit\u00e9 et d\u2019am\u00e9liorer la performance globale du site.<\/p>\t\t\t\t\t\t\t\t<\/div>\n\t\t\t\t<\/div>\n\t\t<div class=\"elementor-element elementor-element-6b92e35 e-con-full e-flex e-con e-child\" data-id=\"6b92e35\" data-element_type=\"container\" data-settings=\"{&quot;background_background&quot;:&quot;classic&quot;}\">\n\t\t\t\t<\/div>\n\t\t\t\t<\/div>\n\t\t<div class=\"elementor-element elementor-element-426e124 e-con-full e-flex elementor-invisible e-con e-child\" data-id=\"426e124\" data-element_type=\"container\" data-settings=\"{&quot;animation&quot;:&quot;slideInUp&quot;,&quot;background_background&quot;:&quot;classic&quot;,&quot;animation_delay&quot;:300}\">\n\t\t<div class=\"elementor-element elementor-element-d65a7f5 e-con-full e-flex e-con e-child\" data-id=\"d65a7f5\" data-element_type=\"container\" data-settings=\"{&quot;background_background&quot;:&quot;classic&quot;}\">\n\t\t\t\t<\/div>\n\t\t<div class=\"elementor-element elementor-element-524cdef e-con-full e-flex e-con e-child\" data-id=\"524cdef\" data-element_type=\"container\">\n\t\t\t\t<div class=\"elementor-element elementor-element-ebc285f elementor-widget elementor-widget-icon-box\" data-id=\"ebc285f\" data-element_type=\"widget\" data-widget_type=\"icon-box.default\">\n\t\t\t\t\t\t\t<div class=\"elementor-icon-box-wrapper\">\n\n\t\t\t\n\t\t\t\t\t\t<div class=\"elementor-icon-box-content\">\n\n\t\t\t\t\t\t\t\t\t<h3 class=\"elementor-icon-box-title\">\n\t\t\t\t\t\t<span  >\n\t\t\t\t\t\t\tComment b\u00e9n\u00e9ficier des CEE ?\t\t\t\t\t\t<\/span>\n\t\t\t\t\t<\/h3>\n\t\t\t\t\n\t\t\t\t\n\t\t\t<\/div>\n\t\t\t\n\t\t<\/div>\n\t\t\t\t\t\t<\/div>\n\t\t\t\t<div class=\"elementor-element elementor-element-960f125 elementor-widget elementor-widget-text-editor\" data-id=\"960f125\" data-element_type=\"widget\" data-widget_type=\"text-editor.default\">\n\t\t\t\t\t\t\t\t\t<p data-start=\"65\" data-end=\"461\">Pour en b\u00e9n\u00e9ficier, vos travaux doivent respecter les exigences du dispositif <strong data-start=\"143\" data-end=\"150\">CEE<\/strong> : <strong data-start=\"153\" data-end=\"187\">devis sign\u00e9 avant intervention<\/strong>, <strong data-start=\"189\" data-end=\"212\">mat\u00e9riaux conformes<\/strong> et <strong data-start=\"216\" data-end=\"240\">entreprise qualifi\u00e9e<\/strong> lorsque requis.<\/p><p data-start=\"65\" data-end=\"461\"><br data-start=\"256\" data-end=\"259\" \/><strong data-start=\"259\" data-end=\"279\">JM Environnement<\/strong> g\u00e8re l\u2019ensemble des d\u00e9marches, du <strong data-start=\"314\" data-end=\"336\">montage du dossier<\/strong> \u00e0 la <strong data-start=\"342\" data-end=\"368\">validation de la prime<\/strong>, afin de garantir votre <strong data-start=\"393\" data-end=\"408\">\u00e9ligibilit\u00e9<\/strong> et la <strong data-start=\"415\" data-end=\"445\">prise en charge financi\u00e8re<\/strong> de vos travaux.<\/p>\t\t\t\t\t\t\t\t<\/div>\n\t\t\t\t<\/div>\n\t\t\t\t<\/div>\n\t\t<div class=\"elementor-element elementor-element-a4fab53 e-con-full e-flex elementor-invisible e-con e-child\" data-id=\"a4fab53\" data-element_type=\"container\" data-settings=\"{&quot;animation&quot;:&quot;slideInUp&quot;,&quot;background_background&quot;:&quot;classic&quot;}\">\n\t\t<div class=\"elementor-element elementor-element-9c7ea5d e-con-full e-flex e-con e-child\" data-id=\"9c7ea5d\" data-element_type=\"container\">\n\t\t\t\t<div class=\"elementor-element elementor-element-d4d3bdd elementor-widget elementor-widget-icon-box\" data-id=\"d4d3bdd\" data-element_type=\"widget\" data-widget_type=\"icon-box.default\">\n\t\t\t\t\t\t\t<div class=\"elementor-icon-box-wrapper\">\n\n\t\t\t\n\t\t\t\t\t\t<div class=\"elementor-icon-box-content\">\n\n\t\t\t\t\t\t\t\t\t<h3 class=\"elementor-icon-box-title\">\n\t\t\t\t\t\t<span  >\n\t\t\t\t\t\t\tAides CEE : qui est concern\u00e9 ?\t\t\t\t\t\t<\/span>\n\t\t\t\t\t<\/h3>\n\t\t\t\t\n\t\t\t\t\n\t\t\t<\/div>\n\t\t\t\n\t\t<\/div>\n\t\t\t\t\t\t<\/div>\n\t\t\t\t<div class=\"elementor-element elementor-element-ba94b5e elementor-widget elementor-widget-text-editor\" data-id=\"ba94b5e\" data-element_type=\"widget\" data-widget_type=\"text-editor.default\">\n\t\t\t\t\t\t\t\t\t<p data-start=\"125\" data-end=\"568\">Les <strong data-start=\"129\" data-end=\"142\">aides CEE<\/strong> sont accessibles \u00e0 l\u2019ensemble des entreprises (<strong data-start=\"190\" data-end=\"260\">tertiaires, industrielles, logistiques, commerces et collectivit\u00e9s<\/strong>) engag\u00e9es dans la r\u00e9duction de leur consommation \u00e9nerg\u00e9tique. Elles financent une partie des travaux r\u00e9alis\u00e9s sur un <strong data-start=\"378\" data-end=\"399\">b\u00e2timent existant<\/strong>, d\u00e8s lors qu\u2019ils permettent une <strong data-start=\"432\" data-end=\"475\">baisse mesurable des d\u00e9penses d\u2019\u00e9nergie<\/strong> (isolation, \u00e9clairage performant, optimisation du chauffage, ventilation, r\u00e9gulation, etc.).<\/p>\t\t\t\t\t\t\t\t<\/div>\n\t\t\t\t<\/div>\n\t\t<div class=\"elementor-element elementor-element-90836fa e-con-full e-flex e-con e-child\" data-id=\"90836fa\" data-element_type=\"container\" data-settings=\"{&quot;background_background&quot;:&quot;classic&quot;}\">\n\t\t\t\t<\/div>\n\t\t\t\t<\/div>\n\t\t<div class=\"elementor-element elementor-element-f2dbd53 e-con-full e-flex elementor-invisible e-con e-child\" data-id=\"f2dbd53\" data-element_type=\"container\" data-settings=\"{&quot;animation&quot;:&quot;slideInUp&quot;,&quot;background_background&quot;:&quot;classic&quot;}\">\n\t\t<div class=\"elementor-element elementor-element-85f7fce e-con-full e-flex e-con e-child\" data-id=\"85f7fce\" data-element_type=\"container\" data-settings=\"{&quot;background_background&quot;:&quot;classic&quot;}\">\n\t\t\t\t<\/div>\n\t\t<div class=\"elementor-element elementor-element-1a1724f e-con-full e-flex e-con e-child\" data-id=\"1a1724f\" data-element_type=\"container\">\n\t\t\t\t<div class=\"elementor-element elementor-element-bc2db4a elementor-widget elementor-widget-icon-box\" data-id=\"bc2db4a\" data-element_type=\"widget\" data-widget_type=\"icon-box.default\">\n\t\t\t\t\t\t\t<div class=\"elementor-icon-box-wrapper\">\n\n\t\t\t\n\t\t\t\t\t\t<div class=\"elementor-icon-box-content\">\n\n\t\t\t\t\t\t\t\t\t<h3 class=\"elementor-icon-box-title\">\n\t\t\t\t\t\t<span  >\n\t\t\t\t\t\t\t\u00c0 combien s\u2019\u00e9l\u00e8ve l\u2019aide des CEE ?\t\t\t\t\t\t<\/span>\n\t\t\t\t\t<\/h3>\n\t\t\t\t\n\t\t\t\t\n\t\t\t<\/div>\n\t\t\t\n\t\t<\/div>\n\t\t\t\t\t\t<\/div>\n\t\t\t\t<div class=\"elementor-element elementor-element-0726714 elementor-widget elementor-widget-text-editor\" data-id=\"0726714\" data-element_type=\"widget\" data-widget_type=\"text-editor.default\">\n\t\t\t\t\t\t\t\t\t<p data-start=\"105\" data-end=\"488\">Le <strong data-start=\"108\" data-end=\"135\">montant de la prime CEE<\/strong> d\u00e9pend directement du <strong data-start=\"158\" data-end=\"199\">niveau d\u2019\u00e9conomies d\u2019\u00e9nergie g\u00e9n\u00e9r\u00e9es<\/strong> par vos travaux. Plus la performance obtenue est importante, plus la prime accord\u00e9e est \u00e9lev\u00e9e. Ce financement peut concerner diff\u00e9rents types d\u2019op\u00e9rations : isolation, optimisation du chauffage, modernisation de l\u2019\u00e9clairage, pilotage \u00e9nerg\u00e9tique, ventilation ou am\u00e9lioration des moteurs.<\/p>\n<p data-start=\"490\" data-end=\"911\">\u00c0 la diff\u00e9rence d\u2019autres dispositifs, l\u2019\u00e9ligibilit\u00e9 ne d\u00e9pend pas des revenus mais de la <strong data-start=\"579\" data-end=\"623\">conformit\u00e9 r\u00e9glementaire des \u00e9quipements<\/strong> et du <strong data-start=\"630\" data-end=\"692\">respect des crit\u00e8res techniques d\u00e9finis par les fiches CEE :<\/strong><\/p>\n<ul>\n<li data-start=\"593\" data-end=\"672\"><strong data-start=\"593\" data-end=\"622\">type de b\u00e2timent concern\u00e9<\/strong> (industriel, tertiaire, logistique, collectif),<\/li>\n<li data-start=\"675\" data-end=\"697\"><strong data-start=\"675\" data-end=\"694\">surface trait\u00e9e<\/strong>,<\/li>\n<li data-start=\"700\" data-end=\"752\"><strong data-start=\"700\" data-end=\"749\">performance mesur\u00e9e des \u00e9quipements install\u00e9s<\/strong>,<\/li>\n<li data-start=\"700\" data-end=\"752\"><strong data-start=\"755\" data-end=\"799\">niveau d\u2019\u00e9conomies certifi\u00e9 en kWh cumac<\/strong> apr\u00e8s intervention.<\/li>\n<\/ul>\t\t\t\t\t\t\t\t<\/div>\n\t\t\t\t<\/div>\n\t\t\t\t<\/div>\n\t\t\t\t\t<\/div>\n\t\t\t\t<\/div>\n\t\t<div class=\"elementor-element elementor-element-5324e70 e-con-full e-flex e-con e-parent\" data-id=\"5324e70\" data-element_type=\"container\" data-settings=\"{&quot;background_background&quot;:&quot;classic&quot;}\">\n\t\t<div class=\"elementor-element elementor-element-c5be40c e-con-full e-flex e-con e-child\" data-id=\"c5be40c\" data-element_type=\"container\">\n\t\t\t\t<div class=\"elementor-element elementor-element-c7181ca elementor-invisible elementor-widget elementor-widget-heading\" data-id=\"c7181ca\" data-element_type=\"widget\" data-settings=\"{&quot;_animation&quot;:&quot;fadeIn&quot;}\" data-widget_type=\"heading.default\">\n\t\t\t\t\t<h2 class=\"elementor-heading-title elementor-size-default\">Pr\u00eat \u00e0 r\u00e9duire vos co\u00fbts d\u2019\u00e9nergie ?<\/h2>\t\t\t\t<\/div>\n\t\t\t\t<div class=\"elementor-element elementor-element-3f41967 elementor-invisible elementor-widget elementor-widget-text-editor\" data-id=\"3f41967\" data-element_type=\"widget\" data-settings=\"{&quot;_animation&quot;:&quot;fadeIn&quot;,&quot;_animation_delay&quot;:300}\" data-widget_type=\"text-editor.default\">\n\t\t\t\t\t\t\t\t\t<p>Contactez-nous pour obtenir une \u00e9tude personnalis\u00e9e et moderniser votre \u00e9clairage ou installer des d\u00e9stratificateurs adapt\u00e9s \u00e0 votre b\u00e2timent.<\/p>\t\t\t\t\t\t\t\t<\/div>\n\t\t\t\t<div class=\"elementor-element elementor-element-297b41a elementor-align-justify elementor-widget__width-initial elementor-invisible elementor-widget elementor-widget-button\" data-id=\"297b41a\" data-element_type=\"widget\" data-settings=\"{&quot;_animation&quot;:&quot;fadeIn&quot;,&quot;_animation_delay&quot;:600}\" data-widget_type=\"button.default\">\n\t\t\t\t\t\t\t\t\t\t<a class=\"elementor-button elementor-button-link elementor-size-sm\" href=\"https:\/\/jm-environnement.com\/index.php\/contact\/\">\n\t\t\t\t\t\t<span class=\"elementor-button-content-wrapper\">\n\t\t\t\t\t\t\t\t\t<span class=\"elementor-button-text\">Nous contacter<\/span>\n\t\t\t\t\t<\/span>\n\t\t\t\t\t<\/a>\n\t\t\t\t\t\t\t\t<\/div>\n\t\t\t\t<\/div>\n\t\t<div class=\"elementor-element elementor-element-ac0d7b7 e-con-full e-flex e-con e-child\" data-id=\"ac0d7b7\" data-element_type=\"container\" data-settings=\"{&quot;background_background&quot;:&quot;classic&quot;}\">\n\t\t\t\t<\/div>\n\t\t\t\t<\/div>\n\t\t\t\t<\/div>\n\t\t","protected":false},"excerpt":{"rendered":"<p>Les Certificats d&rsquo;\u00c9conomie d&rsquo;\u00c9nergie Un accompagnement complet pour obtenir vos CEE et optimiser vos investissements \u00e9nerg\u00e9tiques. Qu&rsquo;est-ce que les Certificats d&rsquo;\u00c9conomie d&rsquo;\u00c9nergie ? Les Certificats d\u2019\u00c9conomies d\u2019\u00c9nergie (CEE) sont un dispositif national obligatoire qui vise \u00e0 r\u00e9duire la consommation \u00e9nerg\u00e9tique des b\u00e2timents. Instaur\u00e9 par l\u2019\u00c9tat, il impose aux fournisseurs d\u2019\u00e9nergie (\u00e9lectricit\u00e9, gaz, carburants, etc.) de [&hellip;]<\/p>\n","protected":false},"author":1,"featured_media":0,"parent":0,"menu_order":0,"comment_status":"closed","ping_status":"closed","template":"","meta":{"footnotes":""},"class_list":["post-1017","page","type-page","status-publish","hentry"],"_links":{"self":[{"href":"https:\/\/jm-environnement.com\/index.php\/wp-json\/wp\/v2\/pages\/1017","targetHints":{"allow":["GET"]}}],"collection":[{"href":"https:\/\/jm-environnement.com\/index.php\/wp-json\/wp\/v2\/pages"}],"about":[{"href":"https:\/\/jm-environnement.com\/index.php\/wp-json\/wp\/v2\/types\/page"}],"author":[{"embeddable":true,"href":"https:\/\/jm-environnement.com\/index.php\/wp-json\/wp\/v2\/users\/1"}],"replies":[{"embeddable":true,"href":"https:\/\/jm-environnement.com\/index.php\/wp-json\/wp\/v2\/comments?post=1017"}],"version-history":[{"count":148,"href":"https:\/\/jm-environnement.com\/index.php\/wp-json\/wp\/v2\/pages\/1017\/revisions"}],"predecessor-version":[{"id":2497,"href":"https:\/\/jm-environnement.com\/index.php\/wp-json\/wp\/v2\/pages\/1017\/revisions\/2497"}],"wp:attachment":[{"href":"https:\/\/jm-environnement.com\/index.php\/wp-json\/wp\/v2\/media?parent=1017"}],"curies":[{"name":"wp","href":"https:\/\/api.w.org\/{rel}","templated":true}]}}